{"id":1278,"date":"2021-03-08T21:34:58","date_gmt":"2021-03-08T20:34:58","guid":{"rendered":"http:\/\/serwer1487747.home.pl\/nypel\/?post_type=product&#038;p=1278"},"modified":"2023-07-24T10:47:44","modified_gmt":"2023-07-24T08:47:44","slug":"plyta-glowna-do-kotla-junkers-zw-zwr-zwe-nr-czesci-8-748-300-281-0","status":"publish","type":"product","link":"https:\/\/sklep-nypel.pl\/?product=plyta-glowna-do-kotla-junkers-zw-zwr-zwe-nr-czesci-8-748-300-281-0","title":{"rendered":"P\u0142yta g\u0142\u00f3wna do kot\u0142a Junkers Cerastar ZE, ZR, ZWR, ZSR, ZWE, nr cz\u0119\u015bci 87483002810"},"content":{"rendered":"<p>P\u0142yta g\u0142\u00f3wna do kot\u0142a Junkers Cerastar ZE, ZR, ZWR, ZSR, ZWE, nr cz\u0119\u015bci 8 748 300 281<\/p>\n","protected":false},"excerpt":{"rendered":"<p>P\u0142yta g\u0142\u00f3wna do kot\u0142a Junkers Cerastar ZE, ZR, ZWR, ZSR, ZWE, nr cz\u0119\u015bci 87483002810<\/p>\n","protected":false},"featured_media":1281,"template":"","meta":{"site-sidebar-layout":"default","site-content-layout":"default","ast-main-header-display":"","ast-hfb-above-header-display":"","ast-hfb-below-header-display":"","ast-hfb-mobile-header-display":"","site-post-title":"","ast-breadcrumbs-content":"","ast-featured-img":"","footer-sml-layout":"","theme-transparent-header-meta":"default","adv-header-id-meta":"","stick-header-meta":"","header-above-stick-meta":"","header-main-stick-meta":"","header-below-stick-meta":"","spay_email":""},"product_brand":[],"product_cat":[128],"product_tag":[26],"class_list":{"0":"post-1278","1":"product","2":"type-product","3":"status-publish","4":"has-post-thumbnail","6":"product_cat-junkers","7":"product_tag-junkers","8":"product_shipping_class-inpost-paczkomaty-gabaryt-c","10":"first","11":"outofstock","12":"taxable","13":"shipping-taxable","14":"purchasable","15":"product-type-simple"},"_links":{"self":[{"href":"https:\/\/sklep-nypel.pl\/index.php?rest_route=\/wp\/v2\/product\/1278","targetHints":{"allow":["GET"]}}],"collection":[{"href":"https:\/\/sklep-nypel.pl\/index.php?rest_route=\/wp\/v2\/product"}],"about":[{"href":"https:\/\/sklep-nypel.pl\/index.php?rest_route=\/wp\/v2\/types\/product"}],"wp:featuredmedia":[{"embeddable":true,"href":"https:\/\/sklep-nypel.pl\/index.php?rest_route=\/wp\/v2\/media\/1281"}],"wp:attachment":[{"href":"https:\/\/sklep-nypel.pl\/index.php?rest_route=%2Fwp%2Fv2%2Fmedia&parent=1278"}],"wp:term":[{"taxonomy":"product_brand","embeddable":true,"href":"https:\/\/sklep-nypel.pl\/index.php?rest_route=%2Fwp%2Fv2%2Fproduct_brand&post=1278"},{"taxonomy":"product_cat","embeddable":true,"href":"https:\/\/sklep-nypel.pl\/index.php?rest_route=%2Fwp%2Fv2%2Fproduct_cat&post=1278"},{"taxonomy":"product_tag","embeddable":true,"href":"https:\/\/sklep-nypel.pl\/index.php?rest_route=%2Fwp%2Fv2%2Fproduct_tag&post=1278"}],"curies":[{"name":"wp","href":"https:\/\/api.w.org\/{rel}","templated":true}]}}